{"id":208,"date":"2021-11-09T17:40:38","date_gmt":"2021-11-09T20:40:38","guid":{"rendered":"http:\/\/localhost\/brquimica\/?page_id=208"},"modified":"2023-07-06T21:49:28","modified_gmt":"2023-07-06T21:49:28","slug":"missao-visao-e-valores","status":"publish","type":"page","link":"https:\/\/braditivos.com.br\/wp\/en\/missao-visao-e-valores\/","title":{"rendered":"Mission, Vision and Values"},"content":{"rendered":"<h1 class=\"wp-block-heading\">Mission, Vision and Values<\/h1>\n\n\n\n<div style=\"height:50px\" aria-hidden=\"true\" class=\"wp-block-spacer\"><\/div>\n\n\n\n<h3 class=\"wp-block-heading\">Mission<\/h3>\n\n\n\n<p>Massively sell our products so that the benefits generated, such as the reduction of toxic CO gases<sub>2<\/sub>&nbsp;, particulates and environmental liabilities, can gain significant scales in the fight against mortality generated by respiratory problems and the degradation of the environment.&nbsp;<\/p>\n\n\n\n<h3 class=\"wp-block-heading\">Vision<\/h3>\n\n\n\n<p>BR Qu\u00edmica is focused on quality service, seeking to reach ever-increasing areas of activity in order to cover even more national and international territories with quality products.<\/p>\n\n\n\n<h3 class=\"wp-block-heading\">Values<\/h3>\n\n\n\n<p>BR Qu\u00edmica, since its foundation, has always had the principle of working with low-impact chemicals that, at the same time, generate great environmental benefits. In this way, all our employees and customers put into practice, on a daily basis, attitudes that help to minimize the negative effects caused by the burning of fossil fuel on living beings.<\/p>\n\n\n\n<p>Aware of the responsibility it has towards all of its audiences,\u00a0BR\u00a0Qu\u00edmica has been developing and improving corporate governance practices, acting with transparency and ethics, respecting values and principles, establishing objectives and goals that are always compatible with the company's sustainable development and with the sustainability of the planet.<\/p>\n\n\n\n<div style=\"height:25px\" aria-hidden=\"true\" class=\"wp-block-spacer\"><\/div>\n\n\n\n<div class=\"wp-block-buttons is-layout-flex wp-block-buttons-is-layout-flex\">\n<div class=\"wp-block-button has-custom-width wp-block-button__width-100\"><a class=\"wp-block-button__link wp-element-button\" href=\"https:\/\/braditivos.com.br\/wp\/en\/sustentabilidade\/\">Sustainability<\/a><\/div>\n<\/div>\n\n\n\n<div style=\"height:50px\" aria-hidden=\"true\" class=\"wp-block-spacer\"><\/div>\n\n\n\n<figure class=\"wp-block-gallery has-nested-images columns-default is-cropped wp-block-gallery-1 is-layout-flex wp-block-gallery-is-layout-flex\">\n<figure class=\"wp-block-image size-large\"><img loading=\"lazy\" decoding=\"async\" width=\"1024\" height=\"1024\" data-id=\"447\" src=\"https:\/\/braditivos.com.br\/wp\/wp-content\/uploads\/2023\/07\/1-2-1024x1024.png\" alt=\"\" class=\"wp-image-447\" srcset=\"https:\/\/braditivos.com.br\/wp\/wp-content\/uploads\/2023\/07\/1-2-1024x1024.png 1024w, https:\/\/braditivos.com.br\/wp\/wp-content\/uploads\/2023\/07\/1-2-300x300.png 300w, https:\/\/braditivos.com.br\/wp\/wp-content\/uploads\/2023\/07\/1-2-150x150.png 150w, https:\/\/braditivos.com.br\/wp\/wp-content\/uploads\/2023\/07\/1-2-768x768.png 768w, https:\/\/braditivos.com.br\/wp\/wp-content\/uploads\/2023\/07\/1-2-12x12.png 12w, https:\/\/braditivos.com.br\/wp\/wp-content\/uploads\/2023\/07\/1-2-144x144.png 144w, https:\/\/braditivos.com.br\/wp\/wp-content\/uploads\/2023\/07\/1-2.png 1080w\" sizes=\"auto, (max-width: 1024px) 100vw, 1024px\" \/><\/figure>\n\n\n\n<figure class=\"wp-block-image size-large\"><img loading=\"lazy\" decoding=\"async\" width=\"1024\" height=\"1024\" data-id=\"448\" src=\"https:\/\/braditivos.com.br\/wp\/wp-content\/uploads\/2023\/07\/2-2-1024x1024.png\" alt=\"\" class=\"wp-image-448\" srcset=\"https:\/\/braditivos.com.br\/wp\/wp-content\/uploads\/2023\/07\/2-2-1024x1024.png 1024w, https:\/\/braditivos.com.br\/wp\/wp-content\/uploads\/2023\/07\/2-2-300x300.png 300w, https:\/\/braditivos.com.br\/wp\/wp-content\/uploads\/2023\/07\/2-2-150x150.png 150w, https:\/\/braditivos.com.br\/wp\/wp-content\/uploads\/2023\/07\/2-2-768x768.png 768w, https:\/\/braditivos.com.br\/wp\/wp-content\/uploads\/2023\/07\/2-2-12x12.png 12w, https:\/\/braditivos.com.br\/wp\/wp-content\/uploads\/2023\/07\/2-2-144x144.png 144w, https:\/\/braditivos.com.br\/wp\/wp-content\/uploads\/2023\/07\/2-2.png 1080w\" sizes=\"auto, (max-width: 1024px) 100vw, 1024px\" \/><\/figure>\n\n\n\n<figure class=\"wp-block-image size-large\"><img loading=\"lazy\" decoding=\"async\" width=\"1024\" height=\"1024\" data-id=\"449\" src=\"https:\/\/braditivos.com.br\/wp\/wp-content\/uploads\/2023\/07\/3-1024x1024.png\" alt=\"\" class=\"wp-image-449\" srcset=\"https:\/\/braditivos.com.br\/wp\/wp-content\/uploads\/2023\/07\/3-1024x1024.png 1024w, https:\/\/braditivos.com.br\/wp\/wp-content\/uploads\/2023\/07\/3-300x300.png 300w, https:\/\/braditivos.com.br\/wp\/wp-content\/uploads\/2023\/07\/3-150x150.png 150w, https:\/\/braditivos.com.br\/wp\/wp-content\/uploads\/2023\/07\/3-768x768.png 768w, https:\/\/braditivos.com.br\/wp\/wp-content\/uploads\/2023\/07\/3-12x12.png 12w, https:\/\/braditivos.com.br\/wp\/wp-content\/uploads\/2023\/07\/3-144x144.png 144w, https:\/\/braditivos.com.br\/wp\/wp-content\/uploads\/2023\/07\/3.png 1080w\" sizes=\"auto, (max-width: 1024px) 100vw, 1024px\" \/><\/figure>\n<\/figure>","protected":false},"excerpt":{"rendered":"<p>Miss\u00e3o, Vis\u00e3o e Valores Miss\u00e3o Vender de forma massiva os nossos produtos para que os benef\u00edcios gerados, como a redu\u00e7\u00e3o de gases t\u00f3xicos&nbsp;Co2&nbsp;, particulados e passivos ambientais, possam ganhar escalas expressivas no combate \u00e0 mortalidade gerada por problemas respirat\u00f3rios e a degrada\u00e7\u00e3o do meio ambiente.&nbsp; Vis\u00e3o A BR Qu\u00edmica tem seu foco no atendimento de [&hellip;]<\/p>\n","protected":false},"author":1,"featured_media":0,"parent":0,"menu_order":0,"comment_status":"closed","ping_status":"closed","template":"","meta":{"_uag_custom_page_level_css":"","_monsterinsights_skip_tracking":false,"_monsterinsights_sitenote_active":false,"_monsterinsights_sitenote_note":"","_monsterinsights_sitenote_category":0,"site-sidebar-layout":"","site-content-layout":"","ast-site-content-layout":"default","site-content-style":"default","site-sidebar-style":"default","ast-global-header-display":"","ast-banner-title-visibility":"","ast-main-header-display":"","ast-hfb-above-header-display":"","ast-hfb-below-header-display":"","ast-hfb-mobile-header-display":"","site-post-title":"disabled","ast-breadcrumbs-content":"","ast-featured-img":"","footer-sml-layout":"","ast-disable-related-posts":"","theme-transparent-header-meta":"","adv-header-id-meta":"","stick-header-meta":"","header-above-stick-meta":"","header-main-stick-meta":"","header-below-stick-meta":"","astra-migrate-meta-layouts":"default","ast-page-background-enabled":"default","ast-page-background-meta":{"desktop":{"background-color":"var(--ast-global-color-4)","background-image":"","background-repeat":"repeat","background-position":"center center","background-size":"auto","background-attachment":"scroll","background-type":"","background-media":"","overlay-type":"","overlay-color":"","overlay-opacity":"","overlay-gradient":""},"tablet":{"background-color":"","background-image":"","background-repeat":"repeat","background-position":"center center","background-size":"auto","background-attachment":"scroll","background-type":"","background-media":"","overlay-type":"","overlay-color":"","overlay-opacity":"","overlay-gradient":""},"mobile":{"background-color":"","background-image":"","background-repeat":"repeat","background-position":"center center","background-size":"auto","background-attachment":"scroll","background-type":"","background-media":"","overlay-type":"","overlay-color":"","overlay-opacity":"","overlay-gradient":""}},"ast-content-background-meta":{"desktop":{"background-color":"var(--ast-global-color-5)","background-image":"","background-repeat":"repeat","background-position":"center center","background-size":"auto","background-attachment":"scroll","background-type":"","background-media":"","overlay-type":"","overlay-color":"","overlay-opacity":"","overlay-gradient":""},"tablet":{"background-color":"var(--ast-global-color-5)","background-image":"","background-repeat":"repeat","background-position":"center center","background-size":"auto","background-attachment":"scroll","background-type":"","background-media":"","overlay-type":"","overlay-color":"","overlay-opacity":"","overlay-gradient":""},"mobile":{"background-color":"var(--ast-global-color-5)","background-image":"","background-repeat":"repeat","background-position":"center center","background-size":"auto","background-attachment":"scroll","background-type":"","background-media":"","overlay-type":"","overlay-color":"","overlay-opacity":"","overlay-gradient":""}},"footnotes":""},"class_list":["post-208","page","type-page","status-publish","hentry"],"uagb_featured_image_src":{"full":false,"thumbnail":false,"medium":false,"medium_large":false,"large":false,"1536x1536":false,"2048x2048":false,"trp-custom-language-flag":false,"wptouch-new-thumbnail":false},"uagb_author_info":{"display_name":"cy_programmer","author_link":"https:\/\/braditivos.com.br\/wp\/en\/author\/cy_programmer\/"},"uagb_comment_info":0,"uagb_excerpt":"Miss\u00e3o, Vis\u00e3o e Valores Miss\u00e3o Vender de forma massiva os nossos produtos para que os benef\u00edcios gerados, como a redu\u00e7\u00e3o de gases t\u00f3xicos&nbsp;Co2&nbsp;, particulados e passivos ambientais, possam ganhar escalas expressivas no combate \u00e0 mortalidade gerada por problemas respirat\u00f3rios e a degrada\u00e7\u00e3o do meio ambiente.&nbsp; Vis\u00e3o A BR Qu\u00edmica tem seu foco no atendimento de&hellip;","_links":{"self":[{"href":"https:\/\/braditivos.com.br\/wp\/en\/wp-json\/wp\/v2\/pages\/208","targetHints":{"allow":["GET"]}}],"collection":[{"href":"https:\/\/braditivos.com.br\/wp\/en\/wp-json\/wp\/v2\/pages"}],"about":[{"href":"https:\/\/braditivos.com.br\/wp\/en\/wp-json\/wp\/v2\/types\/page"}],"author":[{"embeddable":true,"href":"https:\/\/braditivos.com.br\/wp\/en\/wp-json\/wp\/v2\/users\/1"}],"replies":[{"embeddable":true,"href":"https:\/\/braditivos.com.br\/wp\/en\/wp-json\/wp\/v2\/comments?post=208"}],"version-history":[{"count":3,"href":"https:\/\/braditivos.com.br\/wp\/en\/wp-json\/wp\/v2\/pages\/208\/revisions"}],"predecessor-version":[{"id":451,"href":"https:\/\/braditivos.com.br\/wp\/en\/wp-json\/wp\/v2\/pages\/208\/revisions\/451"}],"wp:attachment":[{"href":"https:\/\/braditivos.com.br\/wp\/en\/wp-json\/wp\/v2\/media?parent=208"}],"curies":[{"name":"wp","href":"https:\/\/api.w.org\/{rel}","templated":true}]}}