{"id":7,"date":"2021-11-08T15:56:04","date_gmt":"2021-11-08T18:56:04","guid":{"rendered":"http:\/\/localhost\/brquimica\/?page_id=7"},"modified":"2023-07-11T18:27:54","modified_gmt":"2023-07-11T18:27:54","slug":"inicio","status":"publish","type":"page","link":"https:\/\/braditivos.com.br\/wp\/en\/","title":{"rendered":"Home"},"content":{"rendered":"<figure class=\"wp-block-video alignwide\"><video height=\"300\" style=\"aspect-ratio: 1920 \/ 300;\" width=\"1920\" autoplay loop preload=\"auto\" src=\"https:\/\/braditivos.com.br\/wp\/wp-content\/uploads\/2023\/07\/Copia-de-Design-sem-nome.mp4\" playsinline><\/video><\/figure>\n\n\n\n<div style=\"height:39px\" aria-hidden=\"true\" class=\"wp-block-spacer\"><\/div>\n\n\n\n<figure class=\"wp-block-gallery has-nested-images columns-default is-cropped wp-block-gallery-1 is-layout-flex wp-block-gallery-is-layout-flex\">\n<figure class=\"wp-block-image size-large\"><img loading=\"lazy\" decoding=\"async\" width=\"850\" height=\"350\" data-id=\"296\" src=\"https:\/\/braditivos.com.br\/wp\/wp-content\/uploads\/2023\/07\/Rua-dos-Fonsecas-119-127-\u2013-Vila-Nova-York-\u2013-Sao-Paulo-\u2013-SP.png\" alt=\"\" class=\"wp-image-296\" srcset=\"https:\/\/braditivos.com.br\/wp\/wp-content\/uploads\/2023\/07\/Rua-dos-Fonsecas-119-127-\u2013-Vila-Nova-York-\u2013-Sao-Paulo-\u2013-SP.png 850w, https:\/\/braditivos.com.br\/wp\/wp-content\/uploads\/2023\/07\/Rua-dos-Fonsecas-119-127-\u2013-Vila-Nova-York-\u2013-Sao-Paulo-\u2013-SP-300x124.png 300w, https:\/\/braditivos.com.br\/wp\/wp-content\/uploads\/2023\/07\/Rua-dos-Fonsecas-119-127-\u2013-Vila-Nova-York-\u2013-Sao-Paulo-\u2013-SP-768x316.png 768w, https:\/\/braditivos.com.br\/wp\/wp-content\/uploads\/2023\/07\/Rua-dos-Fonsecas-119-127-\u2013-Vila-Nova-York-\u2013-Sao-Paulo-\u2013-SP-18x7.png 18w\" sizes=\"auto, (max-width: 850px) 100vw, 850px\" \/><\/figure>\n\n\n\n<figure class=\"wp-block-image size-large\"><img loading=\"lazy\" decoding=\"async\" width=\"850\" height=\"350\" data-id=\"297\" src=\"https:\/\/braditivos.com.br\/wp\/wp-content\/uploads\/2023\/07\/2.png\" alt=\"\" class=\"wp-image-297\" srcset=\"https:\/\/braditivos.com.br\/wp\/wp-content\/uploads\/2023\/07\/2.png 850w, https:\/\/braditivos.com.br\/wp\/wp-content\/uploads\/2023\/07\/2-300x124.png 300w, https:\/\/braditivos.com.br\/wp\/wp-content\/uploads\/2023\/07\/2-768x316.png 768w, https:\/\/braditivos.com.br\/wp\/wp-content\/uploads\/2023\/07\/2-18x7.png 18w\" sizes=\"auto, (max-width: 850px) 100vw, 850px\" \/><\/figure>\n<\/figure>\n\n\n\n<div class=\"wp-block-buttons is-layout-flex wp-block-buttons-is-layout-flex\">\n<div class=\"wp-block-button has-custom-width wp-block-button__width-50\"><a class=\"wp-block-button__link wp-element-button\" href=\"https:\/\/braditivos.com.br\/wp\/en\/produtos\/\" target=\"_blank\" rel=\"noreferrer noopener\">Our Products<\/a><\/div>\n\n\n\n<div class=\"wp-block-button has-custom-width wp-block-button__width-50\"><a class=\"wp-block-button__link wp-element-button\" href=\"https:\/\/braditivos.com.br\/wp\/wp-content\/uploads\/2023\/07\/Copia-de-Corantes-e-aditivos-para-combustiveis.pdf\" target=\"_blank\" rel=\"noreferrer noopener\">Catalog<\/a><\/div>\n<\/div>\n\n\n\n<div style=\"height:100px\" aria-hidden=\"true\" class=\"wp-block-spacer\"><\/div>\n\n\n\n<p class=\"has-text-align-left has-medium-font-size\">Since 2002 in the petrochemical sector, distributing dyes and additives throughout Brazil. <\/p>\n\n\n\n<p class=\"has-text-align-left has-medium-font-size\">BR Qu\u00edmica is proud of the quality products it offers. <\/p>\n\n\n\n<p class=\"has-text-align-left has-medium-font-size\">We do our best so that our customers are always satisfied and get the desired results. <\/p>\n\n\n\n<p class=\"has-text-align-left has-medium-font-size\">We value the environment, offering products that contribute to the reduction of emission and polluting gases and prioritizing the correct disposal of packaging.  <\/p>\n\n\n\n<p class=\"has-medium-font-size\"> BR Qu\u00edmica has a business partnership with the company Onira Ambiental\u00a0 (<a href=\"https:\/\/onirabr.com\/\" data-type=\"URL\" data-id=\"https:\/\/onirabr.com\/\">www.onirabr.com<\/a>), for the correct disposal of waste. Learn more at <a href=\"https:\/\/braditivos.com.br\/wp\/en\/sustentabilidade\/\" data-type=\"URL\" data-id=\"https:\/\/braditivos.com.br\/wp\/sustentabilidade\/\">sustainability<\/a>.<\/p>\n\n\n\n<figure class=\"wp-block-image aligncenter size-large is-resized is-style-default\"><img loading=\"lazy\" decoding=\"async\" src=\"https:\/\/braditivos.com.br\/wp\/wp-content\/uploads\/2023\/07\/Reverse-Logistic.png\" alt=\"\" class=\"wp-image-302\" width=\"500\" height=\"500\" srcset=\"https:\/\/braditivos.com.br\/wp\/wp-content\/uploads\/2023\/07\/Reverse-Logistic.png 1024w, https:\/\/braditivos.com.br\/wp\/wp-content\/uploads\/2023\/07\/Reverse-Logistic-300x300.png 300w, https:\/\/braditivos.com.br\/wp\/wp-content\/uploads\/2023\/07\/Reverse-Logistic-150x150.png 150w, https:\/\/braditivos.com.br\/wp\/wp-content\/uploads\/2023\/07\/Reverse-Logistic-768x768.png 768w, https:\/\/braditivos.com.br\/wp\/wp-content\/uploads\/2023\/07\/Reverse-Logistic-12x12.png 12w, https:\/\/braditivos.com.br\/wp\/wp-content\/uploads\/2023\/07\/Reverse-Logistic-144x144.png 144w\" sizes=\"auto, (max-width: 500px) 100vw, 500px\" \/><\/figure>\n\n\n\n<p class=\"has-text-align-center\">See this and other posts on our Instagram: <a href=\"https:\/\/www.instagram.com\/brquimica_aditivos\/\" data-type=\"URL\" data-id=\"https:\/\/www.instagram.com\/brquimica_aditivos\/\">@brquimica_aditivos<\/a><\/p>\n\n\n\n<figure class=\"wp-block-image aligncenter size-medium\"><img loading=\"lazy\" decoding=\"async\" width=\"300\" height=\"300\" src=\"https:\/\/braditivos.com.br\/wp\/wp-content\/uploads\/2023\/07\/Dez-beneficios-que-nossos-produtos-podem-oferecer.png\" alt=\"\" class=\"wp-image-304\" srcset=\"https:\/\/braditivos.com.br\/wp\/wp-content\/uploads\/2023\/07\/Dez-beneficios-que-nossos-produtos-podem-oferecer.png 1080w, https:\/\/braditivos.com.br\/wp\/wp-content\/uploads\/2023\/07\/Dez-beneficios-que-nossos-produtos-podem-oferecer-300x300.png 300w, https:\/\/braditivos.com.br\/wp\/wp-content\/uploads\/2023\/07\/Dez-beneficios-que-nossos-produtos-podem-oferecer-1024x1024.png 1024w, https:\/\/braditivos.com.br\/wp\/wp-content\/uploads\/2023\/07\/Dez-beneficios-que-nossos-produtos-podem-oferecer-150x150.png 150w, https:\/\/braditivos.com.br\/wp\/wp-content\/uploads\/2023\/07\/Dez-beneficios-que-nossos-produtos-podem-oferecer-768x768.png 768w, https:\/\/braditivos.com.br\/wp\/wp-content\/uploads\/2023\/07\/Dez-beneficios-que-nossos-produtos-podem-oferecer-12x12.png 12w, https:\/\/braditivos.com.br\/wp\/wp-content\/uploads\/2023\/07\/Dez-beneficios-que-nossos-produtos-podem-oferecer-144x144.png 144w\" sizes=\"auto, (max-width: 300px) 100vw, 300px\" \/><\/figure>\n\n\n\n<p class=\"has-text-align-center\"><a href=\"https:\/\/www.instagram.com\/p\/CV2sXjtAEJN\/?utm_source=ig_web_copy_link\">https:\/\/www.instagram.com\/p\/CV2sXjtAEJN\/?utm_source=ig_web_copy_link<\/a><\/p>\n\n\n\n<div style=\"height:100px\" aria-hidden=\"true\" class=\"wp-block-spacer\"><\/div>\n\n\n\n<div class=\"wp-block-cover aligncenter has-parallax\" style=\"min-height:500px;aspect-ratio:unset;\"><span aria-hidden=\"true\" class=\"wp-block-cover__background has-background-dim-40 has-background-dim\"><\/span><div role=\"img\" class=\"wp-block-cover__image-background wp-image-305 has-parallax\" style=\"background-position:50% 50%;background-image:url(https:\/\/braditivos.com.br\/wp\/wp-content\/uploads\/2021\/11\/1.png)\"><\/div><div class=\"wp-block-cover__inner-container is-layout-flow wp-block-cover-is-layout-flow\">\n<p class=\"has-text-align-center\" style=\"margin-top:var(--wp--preset--spacing--20);margin-right:var(--wp--preset--spacing--20);margin-bottom:var(--wp--preset--spacing--20);margin-left:var(--wp--preset--spacing--20);padding-top:var(--wp--preset--spacing--20);padding-right:var(--wp--preset--spacing--20);padding-bottom:var(--wp--preset--spacing--20);padding-left:var(--wp--preset--spacing--20);font-size:40px\"><strong>\"We are what <\/strong><\/p>\n\n\n\n<p class=\"has-text-align-center\" style=\"margin-top:var(--wp--preset--spacing--20);margin-right:var(--wp--preset--spacing--20);margin-bottom:var(--wp--preset--spacing--20);margin-left:var(--wp--preset--spacing--20);padding-top:var(--wp--preset--spacing--20);padding-right:var(--wp--preset--spacing--20);padding-bottom:var(--wp--preset--spacing--20);padding-left:var(--wp--preset--spacing--20);font-size:40px\"><strong>we repeatedly do. <\/strong><\/p>\n\n\n\n<p class=\"has-text-align-center\" style=\"margin-top:var(--wp--preset--spacing--20);margin-right:var(--wp--preset--spacing--20);margin-bottom:var(--wp--preset--spacing--20);margin-left:var(--wp--preset--spacing--20);padding-top:var(--wp--preset--spacing--20);padding-right:var(--wp--preset--spacing--20);padding-bottom:var(--wp--preset--spacing--20);padding-left:var(--wp--preset--spacing--20);font-size:40px\"><strong>Excellence, then, <\/strong><\/p>\n\n\n\n<p class=\"has-text-align-center\" style=\"margin-top:var(--wp--preset--spacing--20);margin-right:var(--wp--preset--spacing--20);margin-bottom:var(--wp--preset--spacing--20);margin-left:var(--wp--preset--spacing--20);padding-top:var(--wp--preset--spacing--20);padding-right:var(--wp--preset--spacing--20);padding-bottom:var(--wp--preset--spacing--20);padding-left:var(--wp--preset--spacing--20);font-size:40px\"><strong>is not an act, <\/strong><\/p>\n\n\n\n<p class=\"has-text-align-center\" style=\"margin-top:var(--wp--preset--spacing--20);margin-right:var(--wp--preset--spacing--20);margin-bottom:var(--wp--preset--spacing--20);margin-left:var(--wp--preset--spacing--20);padding-top:var(--wp--preset--spacing--20);padding-right:var(--wp--preset--spacing--20);padding-bottom:var(--wp--preset--spacing--20);padding-left:var(--wp--preset--spacing--20);font-size:40px\"><strong>but a habit\u201d.<\/strong><\/p>\n\n\n\n<p class=\"has-text-align-center\" style=\"margin-top:var(--wp--preset--spacing--30);margin-right:var(--wp--preset--spacing--30);margin-bottom:var(--wp--preset--spacing--30);margin-left:var(--wp--preset--spacing--30);padding-top:var(--wp--preset--spacing--40);padding-right:var(--wp--preset--spacing--40);padding-bottom:var(--wp--preset--spacing--40);padding-left:var(--wp--preset--spacing--40);font-size:40px\"><strong>\u2013 Aristotle<\/strong><\/p>\n<\/div><\/div>","protected":false},"excerpt":{"rendered":"<p>Desde 2002 no ramo petroqu\u00edmico distribuindo corantes e aditivos para todo o Brasil. A BR Qu\u00edmica tem orgulho dos produtos de qualidade que oferece. Fazemos o melhor para que nossos clientes fiquem sempre satisfeitos e obtenham os resultados desejados. Prezamos pelo meio ambiente, oferecendo produtos que colaboram para a redu\u00e7\u00e3o da emiss\u00e3o e gases poluentes [&hellip;]<\/p>\n","protected":false},"author":1,"featured_media":244,"parent":0,"menu_order":0,"comment_status":"closed","ping_status":"closed","template":"","meta":{"_uag_custom_page_level_css":"","_monsterinsights_skip_tracking":false,"_monsterinsights_sitenote_active":false,"_monsterinsights_sitenote_note":"","_monsterinsights_sitenote_category":0,"site-sidebar-layout":"right-sidebar","site-content-layout":"","ast-site-content-layout":"default","site-content-style":"default","site-sidebar-style":"default","ast-global-header-display":"","ast-banner-title-visibility":"","ast-main-header-display":"","ast-hfb-above-header-display":"","ast-hfb-below-header-display":"","ast-hfb-mobile-header-display":"","site-post-title":"disabled","ast-breadcrumbs-content":"","ast-featured-img":"disabled","footer-sml-layout":"","ast-disable-related-posts":"","theme-transparent-header-meta":"","adv-header-id-meta":"","stick-header-meta":"","header-above-stick-meta":"","header-main-stick-meta":"","header-below-stick-meta":"","astra-migrate-meta-layouts":"default","ast-page-background-enabled":"default","ast-page-background-meta":{"desktop":{"background-color":"var(--ast-global-color-4)","background-image":"","background-repeat":"repeat","background-position":"center center","background-size":"auto","background-attachment":"scroll","background-type":"","background-media":"","overlay-type":"","overlay-color":"","overlay-opacity":"","overlay-gradient":""},"tablet":{"background-color":"","background-image":"","background-repeat":"repeat","background-position":"center center","background-size":"auto","background-attachment":"scroll","background-type":"","background-media":"","overlay-type":"","overlay-color":"","overlay-opacity":"","overlay-gradient":""},"mobile":{"background-color":"","background-image":"","background-repeat":"repeat","background-position":"center center","background-size":"auto","background-attachment":"scroll","background-type":"","background-media":"","overlay-type":"","overlay-color":"","overlay-opacity":"","overlay-gradient":""}},"ast-content-background-meta":{"desktop":{"background-color":"var(--ast-global-color-5)","background-image":"","background-repeat":"repeat","background-position":"center center","background-size":"auto","background-attachment":"scroll","background-type":"","background-media":"","overlay-type":"","overlay-color":"","overlay-opacity":"","overlay-gradient":""},"tablet":{"background-color":"var(--ast-global-color-5)","background-image":"","background-repeat":"repeat","background-position":"center center","background-size":"auto","background-attachment":"scroll","background-type":"","background-media":"","overlay-type":"","overlay-color":"","overlay-opacity":"","overlay-gradient":""},"mobile":{"background-color":"var(--ast-global-color-5)","background-image":"","background-repeat":"repeat","background-position":"center center","background-size":"auto","background-attachment":"scroll","background-type":"","background-media":"","overlay-type":"","overlay-color":"","overlay-opacity":"","overlay-gradient":""}},"footnotes":""},"class_list":["post-7","page","type-page","status-publish","has-post-thumbnail","hentry"],"uagb_featured_image_src":{"full":["https:\/\/braditivos.com.br\/wp\/wp-content\/uploads\/2021\/11\/logo-1.png",300,47,false],"thumbnail":["https:\/\/braditivos.com.br\/wp\/wp-content\/uploads\/2021\/11\/logo-1-150x47.png",150,47,true],"medium":["https:\/\/braditivos.com.br\/wp\/wp-content\/uploads\/2021\/11\/logo-1.png",300,47,false],"medium_large":["https:\/\/braditivos.com.br\/wp\/wp-content\/uploads\/2021\/11\/logo-1.png",300,47,false],"large":["https:\/\/braditivos.com.br\/wp\/wp-content\/uploads\/2021\/11\/logo-1.png",300,47,false],"1536x1536":["https:\/\/braditivos.com.br\/wp\/wp-content\/uploads\/2021\/11\/logo-1.png",300,47,false],"2048x2048":["https:\/\/braditivos.com.br\/wp\/wp-content\/uploads\/2021\/11\/logo-1.png",300,47,false],"trp-custom-language-flag":["https:\/\/braditivos.com.br\/wp\/wp-content\/uploads\/2021\/11\/logo-1-18x3.png",18,3,true],"wptouch-new-thumbnail":["https:\/\/braditivos.com.br\/wp\/wp-content\/uploads\/2021\/11\/logo-1-144x47.png",144,47,true]},"uagb_author_info":{"display_name":"cy_programmer","author_link":"https:\/\/braditivos.com.br\/wp\/en\/author\/cy_programmer\/"},"uagb_comment_info":0,"uagb_excerpt":"Desde 2002 no ramo petroqu\u00edmico distribuindo corantes e aditivos para todo o Brasil. A BR Qu\u00edmica tem orgulho dos produtos de qualidade que oferece. Fazemos o melhor para que nossos clientes fiquem sempre satisfeitos e obtenham os resultados desejados. Prezamos pelo meio ambiente, oferecendo produtos que colaboram para a redu\u00e7\u00e3o da emiss\u00e3o e gases poluentes&hellip;","_links":{"self":[{"href":"https:\/\/braditivos.com.br\/wp\/en\/wp-json\/wp\/v2\/pages\/7","targetHints":{"allow":["GET"]}}],"collection":[{"href":"https:\/\/braditivos.com.br\/wp\/en\/wp-json\/wp\/v2\/pages"}],"about":[{"href":"https:\/\/braditivos.com.br\/wp\/en\/wp-json\/wp\/v2\/types\/page"}],"author":[{"embeddable":true,"href":"https:\/\/braditivos.com.br\/wp\/en\/wp-json\/wp\/v2\/users\/1"}],"replies":[{"embeddable":true,"href":"https:\/\/braditivos.com.br\/wp\/en\/wp-json\/wp\/v2\/comments?post=7"}],"version-history":[{"count":26,"href":"https:\/\/braditivos.com.br\/wp\/en\/wp-json\/wp\/v2\/pages\/7\/revisions"}],"predecessor-version":[{"id":487,"href":"https:\/\/braditivos.com.br\/wp\/en\/wp-json\/wp\/v2\/pages\/7\/revisions\/487"}],"wp:featuredmedia":[{"embeddable":true,"href":"https:\/\/braditivos.com.br\/wp\/en\/wp-json\/wp\/v2\/media\/244"}],"wp:attachment":[{"href":"https:\/\/braditivos.com.br\/wp\/en\/wp-json\/wp\/v2\/media?parent=7"}],"curies":[{"name":"wp","href":"https:\/\/api.w.org\/{rel}","templated":true}]}}