{"id":196,"date":"2021-11-09T17:15:32","date_gmt":"2021-11-09T20:15:32","guid":{"rendered":"http:\/\/localhost\/brquimica\/?page_id=196"},"modified":"2021-11-18T17:56:58","modified_gmt":"2021-11-18T17:56:58","slug":"power-ag-500","status":"publish","type":"page","link":"https:\/\/braditivos.com.br\/wp\/pt_br\/power-ag-500\/","title":{"rendered":"POWER AG 500"},"content":{"rendered":"\n<h1 class=\"wp-block-heading\">POWER AG 500<\/h1>\n\n\n\n<div style=\"height:50px\" aria-hidden=\"true\" class=\"wp-block-spacer\"><\/div>\n\n\n\n<div class=\"wp-block-image is-style-default\"><figure class=\"aligncenter size-full\"><img loading=\"lazy\" decoding=\"async\" width=\"300\" height=\"300\" src=\"https:\/\/braditivos.com.br\/wp\/wp-content\/uploads\/2021\/11\/aditivo_gasolina-1.png\" alt=\"\" class=\"wp-image-315\" srcset=\"https:\/\/braditivos.com.br\/wp\/wp-content\/uploads\/2021\/11\/aditivo_gasolina-1.png 300w, https:\/\/braditivos.com.br\/wp\/wp-content\/uploads\/2021\/11\/aditivo_gasolina-1-150x150.png 150w, https:\/\/braditivos.com.br\/wp\/wp-content\/uploads\/2021\/11\/aditivo_gasolina-1-144x144.png 144w\" sizes=\"auto, (max-width: 300px) 100vw, 300px\" \/><figcaption>POWER AG 500<\/figcaption><\/figure><\/div>\n\n\n\n<div style=\"height:50px\" aria-hidden=\"true\" class=\"wp-block-spacer\"><\/div>\n\n\n\n<p>Aditivo Multifuncional para Gasolina Tipo C<\/p>\n\n\n\n<p><strong>Composi\u00e7\u00e3o Qu\u00edmica:&nbsp;<\/strong>&nbsp;&nbsp;&nbsp; &nbsp;&nbsp;&nbsp;&nbsp;&nbsp;&nbsp;&nbsp;&nbsp;&nbsp;&nbsp;&nbsp;&nbsp;&nbsp;&nbsp;&nbsp; Polieteramina, inibidor de corros\u00e3o e solventes.<\/p>\n\n\n\n<figure class=\"wp-block-table\"><table><tbody><tr><td><\/td><td><\/td><td>Propriedades F\u00edsico-Qu\u00edmicas<\/td><td><\/td><td><\/td><\/tr><tr><td><\/td><td><\/td><td><\/td><td><\/td><td><\/td><\/tr><tr><td>Apar\u00eancia<\/td><td> L\u00edquido Verde<\/td><td>Densidade a 20\u00b0C<\/td><td>Ca. 0.86 g\/ml<\/td><td>ASTM D 4052\/D 1298<\/td><\/tr><tr><td><\/td><td><\/td><td>Viscosidade a 40\u00b0C<\/td><td>Ca. 20 mm2\/s<\/td><td>ASTM D 445\/D 7042<\/td><\/tr><tr><td>Solubilidade<\/td><td>Solventes org\u00e2nicos e combust\u00edveis, insol\u00favel em \u00e1gua.<\/td><td>Ponto de fulgor<\/td><td>&gt; 65 \u02daC<\/td><td>ASTM D 93<\/td><\/tr><tr><td><\/td><td><\/td><td><\/td><td><\/td><td><\/td><\/tr><\/tbody><\/table><\/figure>\n\n\n\n<p><strong>Aplica\u00e7\u00e3o<\/strong><\/p>\n\n\n\n<p>Power AG 500 tem excelente desempenho em manter limpo (<em>KEEP CLEAN<\/em>) e limpar (<em>CLEAN UP<\/em>) os injetores, melhora a queima, resultando na redu\u00e7\u00e3o de emiss\u00f5es ambientais, estendendo os intervalos de manuten\u00e7\u00e3o e melhorando a economia de combust\u00edvel e a resist\u00eancia a armazenagem e a corros\u00e3o em tanques de combust\u00edvel.<br><br>Faixa de dosagem \u2013 100 ppm a 2999 ppm.<\/p>\n\n\n\n<p>Dosagem usual &#8211; 100 ppm (500 ml para 5000 litros de gasolina).<\/p>\n\n\n\n<p><strong>Emiss\u00e3o<\/strong><\/p>\n\n\n\n<p>A uma taxa de tratamento de 270 ppm ap\u00f3s 16h, j\u00e1 \u00e9 poss\u00edvel notar uma redu\u00e7\u00e3o de 12,7% em emiss\u00f5es relativas de CO (FTP &#8211; Federal Test Protocol USA).<\/p>\n\n\n\n<p><strong>Economia de combust\u00edvel<\/strong><\/p>\n\n\n\n<p>Em testes realizados foi verificado que a economia de combust\u00edvel, estimada, \u00e9 de 2,3% a uma taxa de tratamento de 257 ppm, isto se da em aproximadamente 3 tanques. Para uma taxa inferior a 100 ppm podemos considerar 10 tanques (aprox. 5000Km).<\/p>\n\n\n\n<p><strong>Validade e Transporte<\/strong><\/p>\n\n\n\n<p>Em condi\u00e7\u00f5es normais de estocagem o POWER AG 500 tem 3 anos de validade.<\/p>\n\n\n\n<p>POWER AG 500 \u00e9 transportado em rodovias em frascos de 500ml, tambores ou containers.<\/p>\n","protected":false},"excerpt":{"rendered":"<p>POWER AG 500 Aditivo Multifuncional para Gasolina Tipo C Composi\u00e7\u00e3o Qu\u00edmica:&nbsp;&nbsp;&nbsp;&nbsp; &nbsp;&nbsp;&nbsp;&nbsp;&nbsp;&nbsp;&nbsp;&nbsp;&nbsp;&nbsp;&nbsp;&nbsp;&nbsp;&nbsp;&nbsp; Polieteramina, inibidor de corros\u00e3o e solventes. Propriedades F\u00edsico-Qu\u00edmicas Apar\u00eancia L\u00edquido Verde Densidade a 20\u00b0C Ca. 0.86 g\/ml ASTM D 4052\/D 1298 Viscosidade a 40\u00b0C Ca. 20 mm2\/s ASTM D 445\/D 7042 Solubilidade Solventes org\u00e2nicos e combust\u00edveis, insol\u00favel em \u00e1gua. Ponto de fulgor &gt; [&hellip;]<\/p>\n","protected":false},"author":1,"featured_media":0,"parent":0,"menu_order":0,"comment_status":"closed","ping_status":"closed","template":"","meta":{"_uag_custom_page_level_css":"","_monsterinsights_skip_tracking":false,"_monsterinsights_sitenote_active":false,"_monsterinsights_sitenote_note":"","_monsterinsights_sitenote_category":0,"site-sidebar-layout":"","site-content-layout":"","ast-site-content-layout":"default","site-content-style":"default","site-sidebar-style":"default","ast-global-header-display":"","ast-banner-title-visibility":"","ast-main-header-display":"","ast-hfb-above-header-display":"","ast-hfb-below-header-display":"","ast-hfb-mobile-header-display":"","site-post-title":"disabled","ast-breadcrumbs-content":"","ast-featured-img":"","footer-sml-layout":"","ast-disable-related-posts":"","theme-transparent-header-meta":"","adv-header-id-meta":"","stick-header-meta":"","header-above-stick-meta":"","header-main-stick-meta":"","header-below-stick-meta":"","astra-migrate-meta-layouts":"default","ast-page-background-enabled":"default","ast-page-background-meta":{"desktop":{"background-color":"var(--ast-global-color-4)","background-image":"","background-repeat":"repeat","background-position":"center center","background-size":"auto","background-attachment":"scroll","background-type":"","background-media":"","overlay-type":"","overlay-color":"","overlay-opacity":"","overlay-gradient":""},"tablet":{"background-color":"","background-image":"","background-repeat":"repeat","background-position":"center center","background-size":"auto","background-attachment":"scroll","background-type":"","background-media":"","overlay-type":"","overlay-color":"","overlay-opacity":"","overlay-gradient":""},"mobile":{"background-color":"","background-image":"","background-repeat":"repeat","background-position":"center center","background-size":"auto","background-attachment":"scroll","background-type":"","background-media":"","overlay-type":"","overlay-color":"","overlay-opacity":"","overlay-gradient":""}},"ast-content-background-meta":{"desktop":{"background-color":"var(--ast-global-color-5)","background-image":"","background-repeat":"repeat","background-position":"center center","background-size":"auto","background-attachment":"scroll","background-type":"","background-media":"","overlay-type":"","overlay-color":"","overlay-opacity":"","overlay-gradient":""},"tablet":{"background-color":"var(--ast-global-color-5)","background-image":"","background-repeat":"repeat","background-position":"center center","background-size":"auto","background-attachment":"scroll","background-type":"","background-media":"","overlay-type":"","overlay-color":"","overlay-opacity":"","overlay-gradient":""},"mobile":{"background-color":"var(--ast-global-color-5)","background-image":"","background-repeat":"repeat","background-position":"center center","background-size":"auto","background-attachment":"scroll","background-type":"","background-media":"","overlay-type":"","overlay-color":"","overlay-opacity":"","overlay-gradient":""}},"footnotes":""},"class_list":["post-196","page","type-page","status-publish","hentry"],"uagb_featured_image_src":{"full":false,"thumbnail":false,"medium":false,"medium_large":false,"large":false,"1536x1536":false,"2048x2048":false,"trp-custom-language-flag":false,"wptouch-new-thumbnail":false},"uagb_author_info":{"display_name":"cy_programmer","author_link":"https:\/\/braditivos.com.br\/wp\/pt_br\/author\/cy_programmer\/"},"uagb_comment_info":0,"uagb_excerpt":"POWER AG 500 Aditivo Multifuncional para Gasolina Tipo C Composi\u00e7\u00e3o Qu\u00edmica:&nbsp;&nbsp;&nbsp;&nbsp; &nbsp;&nbsp;&nbsp;&nbsp;&nbsp;&nbsp;&nbsp;&nbsp;&nbsp;&nbsp;&nbsp;&nbsp;&nbsp;&nbsp;&nbsp; Polieteramina, inibidor de corros\u00e3o e solventes. Propriedades F\u00edsico-Qu\u00edmicas Apar\u00eancia L\u00edquido Verde Densidade a 20\u00b0C Ca. 0.86 g\/ml ASTM D 4052\/D 1298 Viscosidade a 40\u00b0C Ca. 20 mm2\/s ASTM D 445\/D 7042 Solubilidade Solventes org\u00e2nicos e combust\u00edveis, insol\u00favel em \u00e1gua. Ponto de fulgor &gt;&hellip;","_links":{"self":[{"href":"https:\/\/braditivos.com.br\/wp\/pt_br\/wp-json\/wp\/v2\/pages\/196","targetHints":{"allow":["GET"]}}],"collection":[{"href":"https:\/\/braditivos.com.br\/wp\/pt_br\/wp-json\/wp\/v2\/pages"}],"about":[{"href":"https:\/\/braditivos.com.br\/wp\/pt_br\/wp-json\/wp\/v2\/types\/page"}],"author":[{"embeddable":true,"href":"https:\/\/braditivos.com.br\/wp\/pt_br\/wp-json\/wp\/v2\/users\/1"}],"replies":[{"embeddable":true,"href":"https:\/\/braditivos.com.br\/wp\/pt_br\/wp-json\/wp\/v2\/comments?post=196"}],"version-history":[{"count":2,"href":"https:\/\/braditivos.com.br\/wp\/pt_br\/wp-json\/wp\/v2\/pages\/196\/revisions"}],"predecessor-version":[{"id":331,"href":"https:\/\/braditivos.com.br\/wp\/pt_br\/wp-json\/wp\/v2\/pages\/196\/revisions\/331"}],"wp:attachment":[{"href":"https:\/\/braditivos.com.br\/wp\/pt_br\/wp-json\/wp\/v2\/media?parent=196"}],"curies":[{"name":"wp","href":"https:\/\/api.w.org\/{rel}","templated":true}]}}