{"id":79,"date":"2021-11-08T17:38:35","date_gmt":"2021-11-08T20:38:35","guid":{"rendered":"http:\/\/localhost\/brquimica\/?page_id=79"},"modified":"2021-11-18T19:00:40","modified_gmt":"2021-11-18T19:00:40","slug":"contato","status":"publish","type":"page","link":"https:\/\/braditivos.com.br\/wp\/pt_br\/contato\/","title":{"rendered":"Contato"},"content":{"rendered":"\n<h1 class=\"wp-block-heading\">Contato<\/h1>\n\n\n\n<div class=\"wp-block-media-text alignwide is-stacked-on-mobile\" style=\"grid-template-columns:25% auto\"><figure class=\"wp-block-media-text__media\"><img loading=\"lazy\" decoding=\"async\" width=\"1024\" height=\"1024\" src=\"https:\/\/braditivos.com.br\/wp\/wp-content\/uploads\/2021\/11\/22-1024x1024.png\" alt=\"\" class=\"wp-image-371 size-full\" srcset=\"https:\/\/braditivos.com.br\/wp\/wp-content\/uploads\/2021\/11\/22-1024x1024.png 1024w, https:\/\/braditivos.com.br\/wp\/wp-content\/uploads\/2021\/11\/22-300x300.png 300w, https:\/\/braditivos.com.br\/wp\/wp-content\/uploads\/2021\/11\/22-150x150.png 150w, https:\/\/braditivos.com.br\/wp\/wp-content\/uploads\/2021\/11\/22-768x768.png 768w, https:\/\/braditivos.com.br\/wp\/wp-content\/uploads\/2021\/11\/22-144x144.png 144w, https:\/\/braditivos.com.br\/wp\/wp-content\/uploads\/2021\/11\/22.png 1080w\" sizes=\"auto, (max-width: 1024px) 100vw, 1024px\" \/><\/figure><div class=\"wp-block-media-text__content\">\n<p><strong>Telefone: <\/strong>11 3892-9565<\/p>\n\n\n\n<p><strong>Fax: <\/strong>11 3892-9574<\/p>\n\n\n\n<p><strong>WhatsApp:<\/strong> <a href=\"https:\/\/wa.me\/qr\/IOW5YGLUCZAOB1\" data-type=\"URL\" data-id=\"https:\/\/wa.me\/qr\/IOW5YGLUCZAOB1\">(11) 93294-4469<\/a><\/p>\n\n\n\n<p><strong>Instagram:<\/strong> <a href=\"https:\/\/www.instagram.com\/brquimica_aditivos\/\" data-type=\"URL\" data-id=\"https:\/\/www.instagram.com\/brquimica_aditivos\/\">@brquimica_aditivos<\/a><\/p>\n\n\n\n<p><strong>E-mail:<\/strong> braditivos@braditivos.com.br<\/p>\n<\/div><\/div>\n\n\n\n<div style=\"height:100px\" aria-hidden=\"true\" class=\"wp-block-spacer\"><\/div>\n\n\n<div class=\"wpforms-container wpforms-container-full wpforms-block\" id=\"wpforms-279\"><form id=\"wpforms-form-279\" class=\"wpforms-validate wpforms-form wpforms-ajax-form\" data-formid=\"279\" method=\"post\" enctype=\"multipart\/form-data\" action=\"\/wp\/pt_br\/wp-json\/wp\/v2\/pages\/79\" data-token=\"85977e519227dd7b4246ecd1c90c4a4c\" data-token-time=\"1775292602\"><div class=\"wpforms-head-container\"><div class=\"wpforms-title\">Fale Conosco<\/div><\/div><noscript class=\"wpforms-error-noscript\">Ative o JavaScript no seu navegador para preencher este formul\u00e1rio.<\/noscript><div class=\"wpforms-field-container\"><div id=\"wpforms-279-field_0-container\" class=\"wpforms-field wpforms-field-name\" data-field-id=\"0\"><label class=\"wpforms-field-label\">Nome <span class=\"wpforms-required-label\">*<\/span><\/label><div class=\"wpforms-field-row wpforms-field-medium\"><div class=\"wpforms-field-row-block wpforms-first wpforms-one-half\"><input type=\"text\" id=\"wpforms-279-field_0\" class=\"wpforms-field-name-first wpforms-field-required\" name=\"wpforms[fields][0][first]\" required><label for=\"wpforms-279-field_0\" class=\"wpforms-field-sublabel after\">Nome<\/label><\/div><div class=\"wpforms-field-row-block wpforms-one-half\"><input type=\"text\" id=\"wpforms-279-field_0-last\" class=\"wpforms-field-name-last wpforms-field-required\" name=\"wpforms[fields][0][last]\" required><label for=\"wpforms-279-field_0-last\" class=\"wpforms-field-sublabel after\">Sobrenome<\/label><\/div><\/div><\/div><div id=\"wpforms-279-field_1-container\" class=\"wpforms-field wpforms-field-email\" data-field-id=\"1\"><label class=\"wpforms-field-label\" for=\"wpforms-279-field_1\">Email <span class=\"wpforms-required-label\">*<\/span><\/label><input type=\"email\" id=\"wpforms-279-field_1\" class=\"wpforms-field-medium wpforms-field-required\" name=\"wpforms[fields][1]\" spellcheck=\"false\" required><\/div><div id=\"wpforms-279-field_8-container\" class=\"wpforms-field wpforms-field-checkbox\" data-field-id=\"8\"><label class=\"wpforms-field-label\">Marque a(s) que melhor se aplica(m) <span class=\"wpforms-required-label\">*<\/span><\/label><ul id=\"wpforms-279-field_8\" class=\"wpforms-field-required\"><li class=\"choice-1 depth-1\"><input type=\"checkbox\" id=\"wpforms-279-field_8_1\" name=\"wpforms[fields][8][]\" value=\"WhatsApp\" required ><label class=\"wpforms-field-label-inline\" for=\"wpforms-279-field_8_1\">WhatsApp<\/label><\/li><li class=\"choice-2 depth-1\"><input type=\"checkbox\" id=\"wpforms-279-field_8_2\" name=\"wpforms[fields][8][]\" value=\"Telefone para contato\" required ><label class=\"wpforms-field-label-inline\" for=\"wpforms-279-field_8_2\">Telefone para contato<\/label><\/li><\/ul><\/div><div id=\"wpforms-279-field_4-container\" class=\"wpforms-field wpforms-field-number\" data-field-id=\"4\"><label class=\"wpforms-field-label\" for=\"wpforms-279-field_4\">N\u00ba de WhatsApp ou telefone para contato <span class=\"wpforms-required-label\">*<\/span><\/label><input type=\"number\" id=\"wpforms-279-field_4\" class=\"wpforms-field-medium wpforms-field-required\" name=\"wpforms[fields][4]\" step=\"any\" required><\/div><div id=\"wpforms-279-field_5-container\" class=\"wpforms-field wpforms-field-text\" data-field-id=\"5\"><label class=\"wpforms-field-label\" for=\"wpforms-279-field_5\">Assunto <span class=\"wpforms-required-label\">*<\/span><\/label><input type=\"text\" id=\"wpforms-279-field_5\" class=\"wpforms-field-medium wpforms-field-required\" name=\"wpforms[fields][5]\" required><\/div><div id=\"wpforms-279-field_2-container\" class=\"wpforms-field wpforms-field-textarea\" data-field-id=\"2\"><label class=\"wpforms-field-label\" for=\"wpforms-279-field_2\">Mensagem <span class=\"wpforms-required-label\">*<\/span><\/label><textarea id=\"wpforms-279-field_2\" class=\"wpforms-field-medium wpforms-field-required\" name=\"wpforms[fields][2]\" required><\/textarea><\/div><div id=\"wpforms-279-field_6-container\" class=\"wpforms-field wpforms-field-select wpforms-field-select-style-classic\" data-field-id=\"6\"><label class=\"wpforms-field-label\" for=\"wpforms-279-field_6\">Escolha a op\u00e7\u00e3o que melhor se aplica a voc\u00ea<\/label><select id=\"wpforms-279-field_6\" class=\"wpforms-field-medium\" name=\"wpforms[fields][6]\"><option value=\"Cliente\"  class=\"choice-1 depth-1\"  >Cliente<\/option><option value=\"Ex-cliente\"  class=\"choice-2 depth-1\"  >Ex-cliente<\/option><option value=\"Visitante\"  class=\"choice-3 depth-1\"  >Visitante<\/option><\/select><\/div><\/div><!-- .wpforms-field-container --><div class=\"wpforms-submit-container\" ><input type=\"hidden\" name=\"wpforms[id]\" value=\"279\"><input type=\"hidden\" name=\"page_title\" value=\"\"><input type=\"hidden\" name=\"page_url\" value=\"https:\/\/braditivos.com.br\/wp\/pt_br\/wp-json\/wp\/v2\/pages\/79\"><input type=\"hidden\" name=\"url_referer\" value=\"\"><button type=\"submit\" name=\"wpforms[submit]\" id=\"wpforms-submit-279\" class=\"wpforms-submit\" data-alt-text=\"Por favor aguarde...\" data-submit-text=\"Enviar\" aria-live=\"assertive\" value=\"wpforms-submit\">Enviar<\/button><img loading=\"lazy\" decoding=\"async\" src=\"https:\/\/braditivos.com.br\/wp\/wp-content\/plugins\/wpforms-lite\/assets\/images\/submit-spin.svg\" class=\"wpforms-submit-spinner\" style=\"display: none;\" width=\"26\" height=\"26\" alt=\"Carregando\"><\/div><\/form><\/div>  <!-- .wpforms-container -->\n\n\n<div style=\"height:50px\" aria-hidden=\"true\" class=\"wp-block-spacer\"><\/div>\n\n\n\n<div class=\"wp-block-image is-style-default\"><figure class=\"aligncenter size-large is-resized\"><img loading=\"lazy\" decoding=\"async\" src=\"https:\/\/braditivos.com.br\/wp\/wp-content\/uploads\/2021\/11\/Design-sem-nome-3-1024x1024.png\" alt=\"\" class=\"wp-image-374\" width=\"699\" height=\"699\" srcset=\"https:\/\/braditivos.com.br\/wp\/wp-content\/uploads\/2021\/11\/Design-sem-nome-3-1024x1024.png 1024w, https:\/\/braditivos.com.br\/wp\/wp-content\/uploads\/2021\/11\/Design-sem-nome-3-300x300.png 300w, https:\/\/braditivos.com.br\/wp\/wp-content\/uploads\/2021\/11\/Design-sem-nome-3-150x150.png 150w, https:\/\/braditivos.com.br\/wp\/wp-content\/uploads\/2021\/11\/Design-sem-nome-3-768x768.png 768w, https:\/\/braditivos.com.br\/wp\/wp-content\/uploads\/2021\/11\/Design-sem-nome-3-144x144.png 144w, https:\/\/braditivos.com.br\/wp\/wp-content\/uploads\/2021\/11\/Design-sem-nome-3.png 1080w\" sizes=\"auto, (max-width: 699px) 100vw, 699px\" \/><\/figure><\/div>\n","protected":false},"excerpt":{"rendered":"<p>Contato Telefone: 11 3892-9565 Fax: 11 3892-9574 WhatsApp: (11) 93294-4469 Instagram: @brquimica_aditivos E-mail: braditivos@braditivos.com.br<\/p>\n","protected":false},"author":1,"featured_media":0,"parent":0,"menu_order":0,"comment_status":"closed","ping_status":"closed","template":"","meta":{"_uag_custom_page_level_css":"","_monsterinsights_skip_tracking":false,"_monsterinsights_sitenote_active":false,"_monsterinsights_sitenote_note":"","_monsterinsights_sitenote_category":0,"site-sidebar-layout":"","site-content-layout":"content-boxed-container","ast-site-content-layout":"default","site-content-style":"default","site-sidebar-style":"default","ast-global-header-display":"","ast-banner-title-visibility":"","ast-main-header-display":"","ast-hfb-above-header-display":"","ast-hfb-below-header-display":"","ast-hfb-mobile-header-display":"","site-post-title":"disabled","ast-breadcrumbs-content":"","ast-featured-img":"","footer-sml-layout":"","ast-disable-related-posts":"","theme-transparent-header-meta":"","adv-header-id-meta":"","stick-header-meta":"","header-above-stick-meta":"","header-main-stick-meta":"","header-below-stick-meta":"","astra-migrate-meta-layouts":"default","ast-page-background-enabled":"default","ast-page-background-meta":{"desktop":{"background-color":"var(--ast-global-color-4)","background-image":"","background-repeat":"repeat","background-position":"center center","background-size":"auto","background-attachment":"scroll","background-type":"","background-media":"","overlay-type":"","overlay-color":"","overlay-opacity":"","overlay-gradient":""},"tablet":{"background-color":"","background-image":"","background-repeat":"repeat","background-position":"center center","background-size":"auto","background-attachment":"scroll","background-type":"","background-media":"","overlay-type":"","overlay-color":"","overlay-opacity":"","overlay-gradient":""},"mobile":{"background-color":"","background-image":"","background-repeat":"repeat","background-position":"center center","background-size":"auto","background-attachment":"scroll","background-type":"","background-media":"","overlay-type":"","overlay-color":"","overlay-opacity":"","overlay-gradient":""}},"ast-content-background-meta":{"desktop":{"background-color":"var(--ast-global-color-5)","background-image":"","background-repeat":"repeat","background-position":"center center","background-size":"auto","background-attachment":"scroll","background-type":"","background-media":"","overlay-type":"","overlay-color":"","overlay-opacity":"","overlay-gradient":""},"tablet":{"background-color":"var(--ast-global-color-5)","background-image":"","background-repeat":"repeat","background-position":"center center","background-size":"auto","background-attachment":"scroll","background-type":"","background-media":"","overlay-type":"","overlay-color":"","overlay-opacity":"","overlay-gradient":""},"mobile":{"background-color":"var(--ast-global-color-5)","background-image":"","background-repeat":"repeat","background-position":"center center","background-size":"auto","background-attachment":"scroll","background-type":"","background-media":"","overlay-type":"","overlay-color":"","overlay-opacity":"","overlay-gradient":""}},"footnotes":""},"class_list":["post-79","page","type-page","status-publish","hentry"],"uagb_featured_image_src":{"full":false,"thumbnail":false,"medium":false,"medium_large":false,"large":false,"1536x1536":false,"2048x2048":false,"trp-custom-language-flag":false,"wptouch-new-thumbnail":false},"uagb_author_info":{"display_name":"cy_programmer","author_link":"https:\/\/braditivos.com.br\/wp\/pt_br\/author\/cy_programmer\/"},"uagb_comment_info":0,"uagb_excerpt":"Contato Telefone: 11 3892-9565 Fax: 11 3892-9574 WhatsApp: (11) 93294-4469 Instagram: @brquimica_aditivos E-mail: braditivos@braditivos.com.br","_links":{"self":[{"href":"https:\/\/braditivos.com.br\/wp\/pt_br\/wp-json\/wp\/v2\/pages\/79","targetHints":{"allow":["GET"]}}],"collection":[{"href":"https:\/\/braditivos.com.br\/wp\/pt_br\/wp-json\/wp\/v2\/pages"}],"about":[{"href":"https:\/\/braditivos.com.br\/wp\/pt_br\/wp-json\/wp\/v2\/types\/page"}],"author":[{"embeddable":true,"href":"https:\/\/braditivos.com.br\/wp\/pt_br\/wp-json\/wp\/v2\/users\/1"}],"replies":[{"embeddable":true,"href":"https:\/\/braditivos.com.br\/wp\/pt_br\/wp-json\/wp\/v2\/comments?post=79"}],"version-history":[{"count":3,"href":"https:\/\/braditivos.com.br\/wp\/pt_br\/wp-json\/wp\/v2\/pages\/79\/revisions"}],"predecessor-version":[{"id":376,"href":"https:\/\/braditivos.com.br\/wp\/pt_br\/wp-json\/wp\/v2\/pages\/79\/revisions\/376"}],"wp:attachment":[{"href":"https:\/\/braditivos.com.br\/wp\/pt_br\/wp-json\/wp\/v2\/media?parent=79"}],"curies":[{"name":"wp","href":"https:\/\/api.w.org\/{rel}","templated":true}]}}